{"id":1701,"date":"2025-10-29T11:56:50","date_gmt":"2025-10-29T10:56:50","guid":{"rendered":"https:\/\/aidmax.org\/?page_id=1701"},"modified":"2025-12-07T21:05:56","modified_gmt":"2025-12-07T20:05:56","slug":"nutzungsbedingungen-aidmax-chat","status":"publish","type":"page","link":"https:\/\/aidmax.org\/en\/nutzungsbedingungen-aidmax-chat\/","title":{"rendered":"Nutzungsbedingungen \u2013 AidMax Chat"},"content":{"rendered":"<h1 class=\"wp-block-heading\" id=\"nutzungsbedingungen\">Terms of Use<\/h1>\n\n\n\n<p><strong>Last updated:<\/strong> October 2025<\/p>\n\n\n\n<h2 class=\"wp-block-heading\" id=\"1-geltungsbereich\">1. Scope of Application<\/h2>\n\n\n\n<p>These terms apply to the use of the AidMax chat on <a href=\"https:\/\/aidmax.org\/en\/\">aidmax.org<\/a> as well as our social media channels (@aidmax.help on Instagram and Facebook).<\/p>\n\n\n\n<h2 class=\"wp-block-heading\" id=\"2-nutzungsvoraussetzungen\">2. Prerequisites for Use<\/h2>\n\n\n\n<ul class=\"wp-block-list\">\n<li>Minimum age: 13 years<\/li>\n\n\n\n<li>Durch klicken auf &#8220;Ja ich stimme zu&#8221; im Chat wird die Einverst\u00e4ndnis mit diesen Bedingungen und der <a href=\"https:\/\/aidmax.org\/en\/datenschutz\/\">Privacy Policy<\/a> erkl\u00e4rt.<\/li>\n<\/ul>\n\n\n\n<h2 class=\"wp-block-heading\" id=\"3-art-der-nutzung\">3. Nature of Use<\/h2>\n\n\n\n<p>AidMax is an AI-supported support service. Use is free, anonymous, and voluntary. AidMax does not provide psychological or medical advice. In case of acute crises, please contact:<\/p>\n\n\n\n<ul class=\"wp-block-list\">\n<li>Emergency: (Insert Local Number)<\/li>\n\n\n\n<li>Medical On-Call Service: (Insert Local Number)<\/li>\n\n\n\n<li>Crisis Hotline: (Insert Local Number)<\/li>\n<\/ul>\n\n\n\n<h2 class=\"wp-block-heading\" id=\"4-verantwortlichkeiten-der-nutzer\">4. User Responsibilities<\/h2>\n\n\n\n<ul class=\"wp-block-list\">\n<li>No illegal, offensive, or violence-glorifying content<\/li>\n\n\n\n<li>No spam or automated mass messaging<\/li>\n\n\n\n<li>Keine ungefragte Eingabe personenbezogener Daten<\/li>\n<\/ul>\n\n\n\n<p>Bei Nichteinhaltung erfolgt die L\u00f6schung des Chats und eventuell rechtliche Konsequenzen<\/p>\n\n\n\n<h2 class=\"wp-block-heading\" id=\"5-haftungsausschluss\">5. Limitation of Liability<\/h2>\n\n\n\n<p>Der IHelp-Project eV \u00fcbernimmt keine Haftung f\u00fcr Sch\u00e4den durch die Nutzung oder Nichtverf\u00fcgbarkeit des Dienstes. <\/p>\n\n\n\n<p>Die Verf\u00fcgbarkeit des Chats kann nicht st\u00e4ndig garantiert werden.<\/p>\n\n\n\n<h2 class=\"wp-block-heading\" id=\"6-anderungen-der-bedingungen\">6. \u00c4nderungen der Bedingungen<\/h2>\n\n\n\n<p>Diese Bedingungen k\u00f6nnen angepasst werden, wenn gesetzliche oder technische \u00c4nderungen dies erfordern.<\/p>\n\n\n\n<h2 class=\"wp-block-heading\" id=\"7-kontakt\">7. Contact<\/h2>\n\n\n\n<p>IHelp-Project eV<br>Viktor-Scheffel-Str. 20<br>80803 M\u00fcnchen<br>Email: <a href=\"mailto:aidmax@ihelpproject.org\">aidmax@ihelpproject.org<\/a><\/p>","protected":false},"excerpt":{"rendered":"<p>Nutzungsbedingungen Stand: Oktober 2025 1. Geltungsbereich Diese Bedingungen gelten f\u00fcr die Nutzung des AidMax-Chats auf aidmax.org sowie f\u00fcr unsere Social-Media-Kan\u00e4le (@aidmax.help auf Instagram und Facebook). 2. Nutzungsvoraussetzungen 3. Art der Nutzung AidMax ist ein KI-gest\u00fctztes Unterst\u00fctzungsangebot. Die Nutzung ist kostenlos, anonym und freiwillig. AidMax bietet keine psychologische oder medizinische Beratung. Bei akuten Krisen wenden Sie&hellip;&nbsp;<a href=\"https:\/\/aidmax.org\/en\/nutzungsbedingungen-aidmax-chat\/\" rel=\"bookmark\">Read More &raquo;<span class=\"screen-reader-text\">Nutzungsbedingungen \u2013 AidMax Chat<\/span><\/a><\/p>","protected":false},"author":1,"featured_media":0,"parent":0,"menu_order":0,"comment_status":"closed","ping_status":"closed","template":"","meta":{"_gspb_post_css":"","neve_meta_sidebar":"","neve_meta_container":"","neve_meta_enable_content_width":"","neve_meta_content_width":0,"neve_meta_title_alignment":"","neve_meta_author_avatar":"","neve_post_elements_order":"","neve_meta_disable_header":"","neve_meta_disable_footer":"","neve_meta_disable_title":"","footnotes":""},"class_list":["post-1701","page","type-page","status-publish","hentry"],"_links":{"self":[{"href":"https:\/\/aidmax.org\/en\/wp-json\/wp\/v2\/pages\/1701","targetHints":{"allow":["GET"]}}],"collection":[{"href":"https:\/\/aidmax.org\/en\/wp-json\/wp\/v2\/pages"}],"about":[{"href":"https:\/\/aidmax.org\/en\/wp-json\/wp\/v2\/types\/page"}],"author":[{"embeddable":true,"href":"https:\/\/aidmax.org\/en\/wp-json\/wp\/v2\/users\/1"}],"replies":[{"embeddable":true,"href":"https:\/\/aidmax.org\/en\/wp-json\/wp\/v2\/comments?post=1701"}],"version-history":[{"count":4,"href":"https:\/\/aidmax.org\/en\/wp-json\/wp\/v2\/pages\/1701\/revisions"}],"predecessor-version":[{"id":1783,"href":"https:\/\/aidmax.org\/en\/wp-json\/wp\/v2\/pages\/1701\/revisions\/1783"}],"wp:attachment":[{"href":"https:\/\/aidmax.org\/en\/wp-json\/wp\/v2\/media?parent=1701"}],"curies":[{"name":"wp","href":"https:\/\/api.w.org\/{rel}","templated":true}]}}