{"id":1451,"date":"2025-10-22T11:20:09","date_gmt":"2025-10-22T09:20:09","guid":{"rendered":"https:\/\/aidmax.org\/?page_id=1451"},"modified":"2025-10-29T12:06:02","modified_gmt":"2025-10-29T11:06:02","slug":"impressum","status":"publish","type":"page","link":"https:\/\/aidmax.org\/en\/impressum\/","title":{"rendered":"Legal Notice"},"content":{"rendered":"<h2 class=\"wp-block-heading\" id=\"impressum\">Legal Notice<\/h2>\n\n\n\n<div class=\"wp-block-group\"><div class=\"wp-block-group__inner-container is-layout-constrained wp-block-group-is-layout-constrained\">\n<p><strong>Information pursuant to Sect. 5 German Telemedia Act (TMG)\n<\/strong><strong>\nResponsible for content according to Sect. 55(2) Interstate Broadcasting Agreement (RStV)<\/strong><\/p>\n\n\n\n<p>IHelp-Project \u2013 Hilfe von Herzen Gemeinn\u00fctzige Projektarbeit f\u00fcr Mensch, Natur und Tiere IHelp-Project eV Viktor-Scheffel-Str. 20, D 80803 M\u00fcnchen +49 (0)89-9042 2327 0, <a href=\"mailto:email@ihelpproject.org\">email@ihelpproject.org<\/a> <strong><br>Represented by: Karl F\u00fcrsich (Board Spokesperson)<\/strong><\/p>\n\n\n\n<p>Giving joy \u2013<br>      Building bridges \u2013<br>          Acting together!<\/p>\n\n\n\n<p>Patron: Christian Kronbichler, Attorney at Law.\n\nAn initiative by Karl Fuersich (Board Spokesperson), Dominik Rath (2nd Board Member), Korbinian Zacherl (CFO\/Treasurer), and Sabine Pollato (Physical Theater Pedagogue), as well as Melissa and Valentina (IHelp-Kids Pioneers), and the IHelp Circle of Friends. IHelp-Project eV Recognized non-profit and charitable corporation according to \u00a7\u00a7 51, 59, 60, and 61 AO (German Tax Code). Registered Office: Munich, Germany. Register Entry: Registered in the Association Register Munich, VR 207380. Main Donation Account: DE95 7016 9465 0000 4600 01, Raiffeisenbank M\u00fcnchen-Nord eG.<\/p>\n<\/div><\/div>\n\n\n\n<div class=\"wp-block-group\"><div class=\"wp-block-group__inner-container is-layout-constrained wp-block-group-is-layout-constrained\">\n<h3 class=\"wp-block-heading\" id=\"haftung-fur-inhalte\"><strong>Liability for Content<\/strong><\/h3>\n\n\n\n<p>The contents of our pages have been created with the utmost care. However, we cannot guarantee the contents' accuracy, completeness, or topicality.<br>As a service provider, we are responsible for our own content on these pages in accordance with general laws pursuant to Sect. 7 (1) of the German Telemedia Act (TMG).<br>According to Sect. 8 to 10 TMG, however, we as a service provider are not obligated to monitor submitted or stored third-party information or to search for circumstances that indicate illegal activity.<br>Obligations to remove or block the use of information under general laws remain unaffected.<br>However, liability in this regard is only possible from the point in time at which a specific infringement of the law becomes known. Upon becoming aware of such legal violations, we will remove this content immediately.<\/p>\n\n\n\n<h3 class=\"wp-block-heading\" id=\"haftung-fur-links\"><strong>Liability for Links<\/strong><\/h3>\n\n\n\n<p>Our offer contains links to external third-party websites, over whose content we have no influence.<br>Therefore, we cannot assume any liability for these external contents.<br>The respective provider or operator of the pages is always responsible for the content of the linked pages.<br>Upon becoming aware of legal violations, we will remove such links immediately.<\/p>\n\n\n\n<h3 class=\"wp-block-heading\" id=\"urheberrecht\"><strong>Copyright<\/strong><\/h3>\n\n\n\n<p>The content and works created by the site operators on these pages are subject to German copyright law.<br>Reproduction, processing, distribution, and any kind of exploitation outside the limits of copyright law require the written consent of the respective author or creator.<br>Downloads and copies of this page are only permitted for private, non-commercial use.<br>Insofar as the content on this page was not created by the operator, the copyrights of third parties are respected.<br>Should you nevertheless become aware of a copyright infringement, we ask that you notify us accordingly. Upon becoming aware of legal violations, we will remove such content immediately.<\/p>\n\n\n\n<h3 class=\"wp-block-heading\" id=\"eu-streitschlichtung\"><strong>EU Dispute Resolution<\/strong><\/h3>\n\n\n\n<p>The European Commission provides a platform for online dispute resolution (ODR):<br><a>https:\/\/ec.europa.eu\/consumers\/odr<\/a><\/p>\n\n\n\n<p><\/p>\n<\/div><\/div>","protected":false},"excerpt":{"rendered":"<p>Impressum Angaben gem\u00e4\u00df \u00a7 5 TMG Verantwortlich f\u00fcr den Inhalt nach \u00a7 55 Abs. 2 RStV IHelp-Project &#8211; Hilfe von Herzen Gemeinn\u00fctzige Projektarbeit f\u00fcr Mensch, Natur und Tiere IHelp-Project eV Viktor-Scheffel-Str. 20, D 80803 M\u00fcnchen +49 (0)89-9042 2327 0, email@ihelpproject.org Vertreten durch Karl F\u00fcrsich (Vorstandssprecher) Freude schenken \u2013 Br\u00fccken bauen \u2013 gemeinsam handeln! Schirmherr: Christian&hellip;&nbsp;<a href=\"https:\/\/aidmax.org\/en\/impressum\/\" rel=\"bookmark\">Read More &raquo;<span class=\"screen-reader-text\">Legal Notice<\/span><\/a><\/p>","protected":false},"author":1,"featured_media":0,"parent":0,"menu_order":0,"comment_status":"closed","ping_status":"closed","template":"","meta":{"_gspb_post_css":"","neve_meta_sidebar":"","neve_meta_container":"","neve_meta_enable_content_width":"","neve_meta_content_width":0,"neve_meta_title_alignment":"","neve_meta_author_avatar":"","neve_post_elements_order":"","neve_meta_disable_header":"","neve_meta_disable_footer":"","neve_meta_disable_title":"","footnotes":""},"class_list":["post-1451","page","type-page","status-publish","hentry"],"_links":{"self":[{"href":"https:\/\/aidmax.org\/en\/wp-json\/wp\/v2\/pages\/1451","targetHints":{"allow":["GET"]}}],"collection":[{"href":"https:\/\/aidmax.org\/en\/wp-json\/wp\/v2\/pages"}],"about":[{"href":"https:\/\/aidmax.org\/en\/wp-json\/wp\/v2\/types\/page"}],"author":[{"embeddable":true,"href":"https:\/\/aidmax.org\/en\/wp-json\/wp\/v2\/users\/1"}],"replies":[{"embeddable":true,"href":"https:\/\/aidmax.org\/en\/wp-json\/wp\/v2\/comments?post=1451"}],"version-history":[{"count":7,"href":"https:\/\/aidmax.org\/en\/wp-json\/wp\/v2\/pages\/1451\/revisions"}],"predecessor-version":[{"id":1707,"href":"https:\/\/aidmax.org\/en\/wp-json\/wp\/v2\/pages\/1451\/revisions\/1707"}],"wp:attachment":[{"href":"https:\/\/aidmax.org\/en\/wp-json\/wp\/v2\/media?parent=1451"}],"curies":[{"name":"wp","href":"https:\/\/api.w.org\/{rel}","templated":true}]}}